{"id":12482,"date":"2023-08-28T09:31:11","date_gmt":"2023-08-28T09:31:11","guid":{"rendered":"https:\/\/obsindustrie.sn\/expo\/produit\/cable-electrique\/"},"modified":"2023-09-03T18:04:44","modified_gmt":"2023-09-03T18:04:44","slug":"cable-electrique","status":"publish","type":"product","link":"https:\/\/obsindustrie.sn\/expo\/produit\/cable-electrique\/","title":{"rendered":"Concentrateurs \u00e0 batch sous vide | BIAUGEAUD"},"content":{"rendered":"<body><p>Le concentrateur \u00e0 batch sous vide permet la concentration de jus pulpeux r\u00e9serv\u00e9e pour la production de bonbons, sucreries diverses, gel\u00e9es, sauces tomate, ketchup et produits \u00e0 haute viscosit\u00e9. Sa capacit\u00e9 peut aller jusqu\u2019\u00e0 5.000 kg\/h.<\/p>\n<p>Utilis\u00e9 dans l\u2019industrie agroalimentaire, cet \u00e9quipement industriel fonctionne \u00e0 une basse temp\u00e9rature qui assure l\u2019\u00e9vaporation de l\u2019eau sur des produits de nature multiple.<\/p>\n<p>Les saveurs, les ar\u00f4mes et la qualit\u00e9 organoleptique du produit fini seront conserv\u00e9s.<\/p>\n<\/body>","protected":false},"excerpt":{"rendered":"<p>Le concentrateur \u00e0 batch sous vide permet la concentration de jus pulpeux r\u00e9serv\u00e9e pour la production de bonbons, sucreries diverses, gel\u00e9es, sauces tomate, ketchup et produits \u00e0 haute viscosit\u00e9. Sa<\/p>\n","protected":false},"featured_media":12748,"template":"","meta":{"om_disable_all_campaigns":false},"product_brand":[],"product_cat":[112],"product_tag":[],"class_list":{"0":"post-12482","1":"product","2":"type-product","3":"status-publish","4":"has-post-thumbnail","6":"product_cat-froid-et-climatisation","8":"first","9":"instock","10":"shipping-taxable","11":"purchasable","12":"product-type-simple"},"aioseo_notices":[],"_links":{"self":[{"href":"https:\/\/obsindustrie.sn\/expo\/wp-json\/wp\/v2\/product\/12482","targetHints":{"allow":["GET"]}}],"collection":[{"href":"https:\/\/obsindustrie.sn\/expo\/wp-json\/wp\/v2\/product"}],"about":[{"href":"https:\/\/obsindustrie.sn\/expo\/wp-json\/wp\/v2\/types\/product"}],"wp:featuredmedia":[{"embeddable":true,"href":"https:\/\/obsindustrie.sn\/expo\/wp-json\/wp\/v2\/media\/12748"}],"wp:attachment":[{"href":"https:\/\/obsindustrie.sn\/expo\/wp-json\/wp\/v2\/media?parent=12482"}],"wp:term":[{"taxonomy":"product_brand","embeddable":true,"href":"https:\/\/obsindustrie.sn\/expo\/wp-json\/wp\/v2\/product_brand?post=12482"},{"taxonomy":"product_cat","embeddable":true,"href":"https:\/\/obsindustrie.sn\/expo\/wp-json\/wp\/v2\/product_cat?post=12482"},{"taxonomy":"product_tag","embeddable":true,"href":"https:\/\/obsindustrie.sn\/expo\/wp-json\/wp\/v2\/product_tag?post=12482"}],"curies":[{"name":"wp","href":"https:\/\/api.w.org\/{rel}","templated":true}]}}