{"id":12479,"date":"2023-08-28T09:17:00","date_gmt":"2023-08-28T09:17:00","guid":{"rendered":"https:\/\/obsindustrie.sn\/expo\/produit\/mat-declairage-a-led-hilight-v3\/"},"modified":"2023-09-03T18:04:46","modified_gmt":"2023-09-03T18:04:46","slug":"mat-declairage-a-led-hilight-v3","status":"publish","type":"product","link":"https:\/\/obsindustrie.sn\/expo\/produit\/mat-declairage-a-led-hilight-v3\/","title":{"rendered":"Evaporateurs \u00e0 circulation forc\u00e9e pour jus de fruit | BIAUGEAUD"},"content":{"rendered":"<body><p>Les \u00e9vaporateurs \u00e0 circulation forc\u00e9e sont utilis\u00e9s dans l\u2019industrie agroalimentaire en raison de leur excellente capacit\u00e9 \u00e0 obtenir des jus de fruits tropicaux ou m\u00e9diterran\u00e9ens de haute qualit\u00e9.<\/p>\n<p>Ces \u00e9quipements industriels ont une capacit\u00e9 comprise entre 500 et 50.000 L\/H d\u2019eau \u00e9vapor\u00e9e. Cela va ainsi garantir un excellent degr\u00e9 de concentration m\u00eame avec un haut degr\u00e9 de pulpe. Les qualit\u00e9s organoleptiques du fruit seront pr\u00e9serv\u00e9es.<\/p>\n<p>Ces \u00e9vaporateurs \u00e0 circulation forc\u00e9e apportent plusieurs avantages tels que\u00a0: \u00e9conomie d\u2019\u00e9nergie et \u00e9quilibre entre le traitement \u00e0 basse temp\u00e9rature.<\/p>\n<\/body>","protected":false},"excerpt":{"rendered":"<p>Les \u00e9vaporateurs \u00e0 circulation forc\u00e9e sont utilis\u00e9s dans l\u2019industrie agroalimentaire en raison de leur excellente capacit\u00e9 \u00e0 obtenir des jus de fruits tropicaux ou m\u00e9diterran\u00e9ens de haute qualit\u00e9. Ces \u00e9quipements<\/p>\n","protected":false},"featured_media":12747,"template":"","meta":{"om_disable_all_campaigns":false},"product_brand":[],"product_cat":[112],"product_tag":[],"class_list":{"0":"post-12479","1":"product","2":"type-product","3":"status-publish","4":"has-post-thumbnail","6":"product_cat-froid-et-climatisation","8":"first","9":"instock","10":"shipping-taxable","11":"purchasable","12":"product-type-simple"},"aioseo_notices":[],"_links":{"self":[{"href":"https:\/\/obsindustrie.sn\/expo\/wp-json\/wp\/v2\/product\/12479","targetHints":{"allow":["GET"]}}],"collection":[{"href":"https:\/\/obsindustrie.sn\/expo\/wp-json\/wp\/v2\/product"}],"about":[{"href":"https:\/\/obsindustrie.sn\/expo\/wp-json\/wp\/v2\/types\/product"}],"wp:featuredmedia":[{"embeddable":true,"href":"https:\/\/obsindustrie.sn\/expo\/wp-json\/wp\/v2\/media\/12747"}],"wp:attachment":[{"href":"https:\/\/obsindustrie.sn\/expo\/wp-json\/wp\/v2\/media?parent=12479"}],"wp:term":[{"taxonomy":"product_brand","embeddable":true,"href":"https:\/\/obsindustrie.sn\/expo\/wp-json\/wp\/v2\/product_brand?post=12479"},{"taxonomy":"product_cat","embeddable":true,"href":"https:\/\/obsindustrie.sn\/expo\/wp-json\/wp\/v2\/product_cat?post=12479"},{"taxonomy":"product_tag","embeddable":true,"href":"https:\/\/obsindustrie.sn\/expo\/wp-json\/wp\/v2\/product_tag?post=12479"}],"curies":[{"name":"wp","href":"https:\/\/api.w.org\/{rel}","templated":true}]}}