{"id":12477,"date":"2023-08-28T09:12:05","date_gmt":"2023-08-28T09:12:05","guid":{"rendered":"https:\/\/obsindustrie.sn\/expo\/produit\/coffret-electrique\/"},"modified":"2023-09-03T17:55:28","modified_gmt":"2023-09-03T17:55:28","slug":"coffret-electrique","status":"publish","type":"product","link":"https:\/\/obsindustrie.sn\/expo\/produit\/coffret-electrique\/","title":{"rendered":"Barrage filtrant antipollution BARC BTM10300250"},"content":{"rendered":"<body><p>Efficace contre le ciment, les huiles, les gravillons, etc, le barrage filtrant antipollution BARC BTM10300250 permet la filtration et la r\u00e9tention des d\u00e9chets durant les travaux maritimes ou fluviaux dans les eaux c\u00f4ti\u00e8res, estuaires, portuaires, \u00e9tangs, lagunes, rivi\u00e8res\u2026<\/p>\n<p>Cet \u00e9quipement antipollution, retenant les mati\u00e8res en suspension, est \u00e9galement efficace pour ne pas perturber le reste du chantier.<\/p>\n<p>Simple \u00e0 manutentionner, ce barrage filtrant antipollution est disponible en des tron\u00e7ons standard d\u2019une longueur de 10 m avec un flotteur \u00e0 cylindre en mousse et une jupe g\u00e9otextile immerg\u00e9e.<\/p>\n<\/body>","protected":false},"excerpt":{"rendered":"<p>Efficace contre le ciment, les huiles, les gravillons, etc, le barrage filtrant antipollution BARC BTM10300250 permet la filtration et la r\u00e9tention des d\u00e9chets durant les travaux maritimes ou fluviaux dans<\/p>\n","protected":false},"featured_media":12745,"template":"","meta":{"om_disable_all_campaigns":false},"product_brand":[],"product_cat":[237],"product_tag":[],"class_list":{"0":"post-12477","1":"product","2":"type-product","3":"status-publish","4":"has-post-thumbnail","6":"product_cat-traitement-de-leau","8":"first","9":"instock","10":"shipping-taxable","11":"purchasable","12":"product-type-simple"},"aioseo_notices":[],"_links":{"self":[{"href":"https:\/\/obsindustrie.sn\/expo\/wp-json\/wp\/v2\/product\/12477","targetHints":{"allow":["GET"]}}],"collection":[{"href":"https:\/\/obsindustrie.sn\/expo\/wp-json\/wp\/v2\/product"}],"about":[{"href":"https:\/\/obsindustrie.sn\/expo\/wp-json\/wp\/v2\/types\/product"}],"wp:featuredmedia":[{"embeddable":true,"href":"https:\/\/obsindustrie.sn\/expo\/wp-json\/wp\/v2\/media\/12745"}],"wp:attachment":[{"href":"https:\/\/obsindustrie.sn\/expo\/wp-json\/wp\/v2\/media?parent=12477"}],"wp:term":[{"taxonomy":"product_brand","embeddable":true,"href":"https:\/\/obsindustrie.sn\/expo\/wp-json\/wp\/v2\/product_brand?post=12477"},{"taxonomy":"product_cat","embeddable":true,"href":"https:\/\/obsindustrie.sn\/expo\/wp-json\/wp\/v2\/product_cat?post=12477"},{"taxonomy":"product_tag","embeddable":true,"href":"https:\/\/obsindustrie.sn\/expo\/wp-json\/wp\/v2\/product_tag?post=12477"}],"curies":[{"name":"wp","href":"https:\/\/api.w.org\/{rel}","templated":true}]}}