{"id":12469,"date":"2023-08-28T08:52:26","date_gmt":"2023-08-28T08:52:26","guid":{"rendered":"https:\/\/obsindustrie.sn\/expo\/produit\/gants-de-nettoyage\/"},"modified":"2023-09-03T17:49:52","modified_gmt":"2023-09-03T17:49:52","slug":"gants-de-nettoyage","status":"publish","type":"product","link":"https:\/\/obsindustrie.sn\/expo\/produit\/gants-de-nettoyage\/","title":{"rendered":"Syst\u00e8me de dosage \u00e0 seringue | LOCTITE 98666"},"content":{"rendered":"<body><p>Le\u00a0<b>syst\u00e8me\u00a0<\/b>de\u00a0<b>d\u00e9pose\u00a0<\/b>\u00e0\u00a0<b>seringue LOCTITE\u00a0<\/b>est un syst\u00e8me\u00a0<b>semi-automatique<\/b>\u00a0qui permet une d\u00e9pose pr\u00e9cise d\u2019<b>adh\u00e9sifs\u00a0<\/b>et d\u2019autres fluides.<\/p>\n<p>Cet appareil convient particuli\u00e8rement pour l\u2019<b>assemblage\u00a0<\/b>de\u00a0<b>composants \u00e9lectriques<\/b>, de\u00a0<b>collage\u00a0<\/b>sur carte \u00e9lectronique, ou sur circuits imprim\u00e9s, ou la d\u00e9pose d\u2019<b>adh\u00e9sifs<\/b>\u00a0<b>ana\u00e9robies\u00a0<\/b>ou\u00a0<b>acryliques UV\u00a0<\/b>dans des applications\u00a0<b>m\u00e9dicales<\/b>.<\/p>\n<p><b>LOCTITE 98666\u00a0<\/b>est adapt\u00e9 aux\u00a0<b>seringues\/cartouches<\/b>\u00a0d\u2019adh\u00e9sifs ou de produits d\u2019\u00e9tanch\u00e9it\u00e9 de 10, 30 ,55 ou 300 ml et de\u00a0<b>viscosit\u00e9 moyenne\u00a0<\/b>\u00e0\u00a0<b>p\u00e2teuse<\/b>.<\/p>\n<p>Ce syst\u00e8me de distribution de grande pr\u00e9cision est \u00e9quip\u00e9 d\u2019un dispositif num\u00e9rique de r\u00e9glage du\u00a0<b>temps de d\u00e9pose\u00a0<\/b>(\u00e0 0,001 seconde pr\u00e8s) et d\u2019un\u00a0<b>r\u00e9gulateur\u00a0<\/b>r\u00e9glable qui contr\u00f4le la\u00a0<b>pression\u00a0<\/b>de l\u2019<b>air<\/b>, et donc la quantit\u00e9 d\u2019adh\u00e9sif d\u00e9pos\u00e9e.<\/p>\n<p>Ce dispositif fonctionne en<b>\u00a0mode manuel<\/b>,\u00a0<b>s\u00e9quentiel<\/b>\u00a0ou\u00a0<b>temporis\u00e9\u00a0<\/b>(automatique) pour d\u00e9poser des\u00a0<b>points<\/b>, des\u00a0<b>cordons\u00a0<\/b>ou faire du\u00a0<b>remplissage\u00a0<\/b>(<b>potting<\/b>).<\/p>\n<\/body>","protected":false},"excerpt":{"rendered":"<p>Le\u00a0syst\u00e8me\u00a0de\u00a0d\u00e9pose\u00a0\u00e0\u00a0seringue LOCTITE\u00a0est un syst\u00e8me\u00a0semi-automatique\u00a0qui permet une d\u00e9pose pr\u00e9cise d\u2019adh\u00e9sifs\u00a0et d\u2019autres fluides. Cet appareil convient particuli\u00e8rement pour l\u2019assemblage\u00a0de\u00a0composants \u00e9lectriques, de\u00a0collage\u00a0sur carte \u00e9lectronique, ou sur circuits imprim\u00e9s, ou la d\u00e9pose d\u2019adh\u00e9sifs\u00a0ana\u00e9robies\u00a0ou\u00a0acryliques UV\u00a0dans<\/p>\n","protected":false},"featured_media":12744,"template":"","meta":{"om_disable_all_campaigns":false},"product_brand":[],"product_cat":[304],"product_tag":[],"class_list":{"0":"post-12469","1":"product","2":"type-product","3":"status-publish","4":"has-post-thumbnail","6":"product_cat-equipements-de-dosage","8":"first","9":"instock","10":"shipping-taxable","11":"purchasable","12":"product-type-simple"},"aioseo_notices":[],"_links":{"self":[{"href":"https:\/\/obsindustrie.sn\/expo\/wp-json\/wp\/v2\/product\/12469","targetHints":{"allow":["GET"]}}],"collection":[{"href":"https:\/\/obsindustrie.sn\/expo\/wp-json\/wp\/v2\/product"}],"about":[{"href":"https:\/\/obsindustrie.sn\/expo\/wp-json\/wp\/v2\/types\/product"}],"wp:featuredmedia":[{"embeddable":true,"href":"https:\/\/obsindustrie.sn\/expo\/wp-json\/wp\/v2\/media\/12744"}],"wp:attachment":[{"href":"https:\/\/obsindustrie.sn\/expo\/wp-json\/wp\/v2\/media?parent=12469"}],"wp:term":[{"taxonomy":"product_brand","embeddable":true,"href":"https:\/\/obsindustrie.sn\/expo\/wp-json\/wp\/v2\/product_brand?post=12469"},{"taxonomy":"product_cat","embeddable":true,"href":"https:\/\/obsindustrie.sn\/expo\/wp-json\/wp\/v2\/product_cat?post=12469"},{"taxonomy":"product_tag","embeddable":true,"href":"https:\/\/obsindustrie.sn\/expo\/wp-json\/wp\/v2\/product_tag?post=12469"}],"curies":[{"name":"wp","href":"https:\/\/api.w.org\/{rel}","templated":true}]}}