{"id":12463,"date":"2023-08-28T08:44:17","date_gmt":"2023-08-28T08:44:17","guid":{"rendered":"https:\/\/obsindustrie.sn\/expo\/produit\/eau-de-javel\/"},"modified":"2023-09-03T17:40:33","modified_gmt":"2023-09-03T17:40:33","slug":"eau-de-javel","status":"publish","type":"product","link":"https:\/\/obsindustrie.sn\/expo\/produit\/eau-de-javel\/","title":{"rendered":"Entonnoir avec couvercle et grenouill\u00e8re de fermeture pour f\u00fbt"},"content":{"rendered":"<body><p>Muni d\u2019un couvercle en poly\u00e9thyl\u00e8ne, l\u2019entonnoir avec couvercle et grenouill\u00e8re de fermeture pour f\u00fbt convient parfaitement \u00e0 un f\u00fbt dont la capacit\u00e9 de contenance est de 220 litres.<\/p>\n<p>Cet ustensile garantit \u00e0 l\u2019usager de pouvoir remplir les f\u00fbts sans le moindre risque d\u2019\u00e9claboussures ou de d\u00e9versements\u00a0: Il est pr\u00e9conis\u00e9 pour ses rebords anti \u00e9claboussures et son rainurage int\u00e9rieur qui permet de diriger le produit dans une seule direction bien d\u00e9limit\u00e9e.<\/p>\n<p>Afin de s\u2019assurer de la fermeture herm\u00e9tique du f\u00fbt, l\u2019entonnoir BRP ENT-1 est \u00e9quip\u00e9 d\u2019un filtre \u00e0 d\u00e9bris en inox, d\u2019un couvercle articul\u00e9 et d\u2019une grenouill\u00e8re. Il est d\u2019une hauteur de 265 mm, d\u2019un diam\u00e8tre de 620 mm et p\u00e8se 3.8 kg.<\/p>\n<\/body>","protected":false},"excerpt":{"rendered":"<p>Muni d\u2019un couvercle en poly\u00e9thyl\u00e8ne, l\u2019entonnoir avec couvercle et grenouill\u00e8re de fermeture pour f\u00fbt convient parfaitement \u00e0 un f\u00fbt dont la capacit\u00e9 de contenance est de 220 litres. Cet ustensile<\/p>\n","protected":false},"featured_media":12741,"template":"","meta":{"om_disable_all_campaigns":false},"product_brand":[],"product_cat":[90],"product_tag":[],"class_list":{"0":"post-12463","1":"product","2":"type-product","3":"status-publish","4":"has-post-thumbnail","6":"product_cat-equipement-magasin","8":"first","9":"instock","10":"shipping-taxable","11":"purchasable","12":"product-type-simple"},"aioseo_notices":[],"_links":{"self":[{"href":"https:\/\/obsindustrie.sn\/expo\/wp-json\/wp\/v2\/product\/12463","targetHints":{"allow":["GET"]}}],"collection":[{"href":"https:\/\/obsindustrie.sn\/expo\/wp-json\/wp\/v2\/product"}],"about":[{"href":"https:\/\/obsindustrie.sn\/expo\/wp-json\/wp\/v2\/types\/product"}],"wp:featuredmedia":[{"embeddable":true,"href":"https:\/\/obsindustrie.sn\/expo\/wp-json\/wp\/v2\/media\/12741"}],"wp:attachment":[{"href":"https:\/\/obsindustrie.sn\/expo\/wp-json\/wp\/v2\/media?parent=12463"}],"wp:term":[{"taxonomy":"product_brand","embeddable":true,"href":"https:\/\/obsindustrie.sn\/expo\/wp-json\/wp\/v2\/product_brand?post=12463"},{"taxonomy":"product_cat","embeddable":true,"href":"https:\/\/obsindustrie.sn\/expo\/wp-json\/wp\/v2\/product_cat?post=12463"},{"taxonomy":"product_tag","embeddable":true,"href":"https:\/\/obsindustrie.sn\/expo\/wp-json\/wp\/v2\/product_tag?post=12463"}],"curies":[{"name":"wp","href":"https:\/\/api.w.org\/{rel}","templated":true}]}}