{"id":12460,"date":"2023-08-28T08:33:28","date_gmt":"2023-08-28T08:33:28","guid":{"rendered":"https:\/\/obsindustrie.sn\/expo\/produit\/pack-fournitures-bureau\/"},"modified":"2023-09-03T17:31:22","modified_gmt":"2023-09-03T17:31:22","slug":"pack-fournitures-bureau","status":"publish","type":"product","link":"https:\/\/obsindustrie.sn\/expo\/produit\/pack-fournitures-bureau\/","title":{"rendered":"Mandrin de serrage de forme pneumatique"},"content":{"rendered":"<body><ul style=\"border: 0px;font-size: 13px;line-height: inherit;font-family: Montserrat, sans-serif;margin: 0px;padding: 0px;vertical-align: baseline;color: #505050;text-align: justify\">\n<li style=\"border: 0px;font-style: inherit;font-variant: inherit;font-weight: inherit;line-height: inherit;font-family: inherit;margin: 0px;padding: 0px 0px 0px 10px;vertical-align: baseline;position: relative\">Mati\u00e8re :\n<p>Corps en acier de traitement. Pince de serrage en aluminium haute r\u00e9sistance. Corps nickel\u00e9, pince de serrage anodis\u00e9e bleu.<\/p>\n<p>Nota\u00a0:<\/p>\n<p>Le mandrin de serrage de formes pneumatique se compose d\u2019un corps et d\u2019une pince de serrage. Le corps peut \u00eatre viss\u00e9 sur les outillages en fonction des cotes de montage. Proc\u00e9dure de serrage\u00a0: Ouverture de la pince de serrage par injection d\u2019air comprim\u00e9 dans le raccord \u00ab\u00a0ouvrir\u00a0\u00bb. Fermeture de la pince de serrage (proc\u00e9dure de serrage) par injection d\u2019air comprim\u00e9 dans le raccord \u00ab\u00a0fermer\u00a0\u00bb. Les raccords pneumatiques peuvent \u00eatre viss\u00e9s soit par le bas, soit sur le c\u00f4t\u00e9. En cas d\u2019alimentation en air par le bas, les raccords pneumatiques lat\u00e9raux doivent \u00eatre ferm\u00e9s. Usinage de la pince de serrage pour bridage ext\u00e9rieur: La forme de la pi\u00e8ce \u00e0 serrer est usin\u00e9e dans la pince de serrage. Des formes diverses et des contours asym\u00e9triques sont possibles. Un simple remplacement de la pince de serrage permet de serrer diff\u00e9rentes pi\u00e8ces de mani\u00e8re s\u00fbre et rapide. La pince de serrage peut \u00eatre frais\u00e9e jusqu\u2019\u00e0 la hauteur H2. Il est ainsi possible d\u2019usiner plusieurs contours de pi\u00e8ces dans la pince de serrage. R\u00e9p\u00e9tabilit\u00e9 de la pi\u00e8ce\u00a0: +\/-0,03 R\u00e9p\u00e9tabilit\u00e9 apr\u00e8s changement de la pince de serrage\u00a0: +\/- 0,02 La course de serrage de la pince de serrage est de 0,15\u00a0mm. Pour \u00e9viter toute d\u00e9t\u00e9rioration de la pince de serrage, celle-ci ne doit pas \u00eatre actionn\u00e9e sans pi\u00e8ce ou bague de serrage. La plage de pression d\u2019air doit \u00eatre comprise entre 0,45 et 0,55\u00a0MPa. Les forces de serrage s\u2019\u00e9l\u00e8vent \u00e0 0,5\u00a0MPa.<\/p>\n<p>Accessoires\u00a0:<\/p>\n<p>Bague de serrage pour l\u2019usinage du contour. Joint torique. Goupille de positionnement. Vis de serrage pour pince de serrage.<\/p><\/li>\n<\/ul>\n<\/body>","protected":false},"excerpt":{"rendered":"<p>Mati\u00e8re : Corps en acier de traitement. Pince de serrage en aluminium haute r\u00e9sistance. Corps nickel\u00e9, pince de serrage anodis\u00e9e bleu. Nota\u00a0: Le mandrin de serrage de formes pneumatique se<\/p>\n","protected":false},"featured_media":12739,"template":"","meta":{"om_disable_all_campaigns":false},"product_brand":[],"product_cat":[339],"product_tag":[],"class_list":{"0":"post-12460","1":"product","2":"type-product","3":"status-publish","4":"has-post-thumbnail","6":"product_cat-outillage-electrique-et-pneumatique","8":"first","9":"instock","10":"shipping-taxable","11":"purchasable","12":"product-type-simple"},"aioseo_notices":[],"_links":{"self":[{"href":"https:\/\/obsindustrie.sn\/expo\/wp-json\/wp\/v2\/product\/12460","targetHints":{"allow":["GET"]}}],"collection":[{"href":"https:\/\/obsindustrie.sn\/expo\/wp-json\/wp\/v2\/product"}],"about":[{"href":"https:\/\/obsindustrie.sn\/expo\/wp-json\/wp\/v2\/types\/product"}],"wp:featuredmedia":[{"embeddable":true,"href":"https:\/\/obsindustrie.sn\/expo\/wp-json\/wp\/v2\/media\/12739"}],"wp:attachment":[{"href":"https:\/\/obsindustrie.sn\/expo\/wp-json\/wp\/v2\/media?parent=12460"}],"wp:term":[{"taxonomy":"product_brand","embeddable":true,"href":"https:\/\/obsindustrie.sn\/expo\/wp-json\/wp\/v2\/product_brand?post=12460"},{"taxonomy":"product_cat","embeddable":true,"href":"https:\/\/obsindustrie.sn\/expo\/wp-json\/wp\/v2\/product_cat?post=12460"},{"taxonomy":"product_tag","embeddable":true,"href":"https:\/\/obsindustrie.sn\/expo\/wp-json\/wp\/v2\/product_tag?post=12460"}],"curies":[{"name":"wp","href":"https:\/\/api.w.org\/{rel}","templated":true}]}}