{"id":12455,"date":"2023-08-28T08:12:05","date_gmt":"2023-08-28T08:12:05","guid":{"rendered":"https:\/\/obsindustrie.sn\/expo\/produit\/post-it\/"},"modified":"2023-09-03T17:27:21","modified_gmt":"2023-09-03T17:27:21","slug":"post-it","status":"publish","type":"product","link":"https:\/\/obsindustrie.sn\/expo\/produit\/post-it\/","title":{"rendered":"Pompe p\u00e9ristaltique Abaque"},"content":{"rendered":"<body><p>La pompe p\u00e9ristaltique Abaque, propos\u00e9e par la soci\u00e9t\u00e9 AS FLUID, est id\u00e9ale pour assurer le transfert de substances chimiques et de fluides difficiles \u00e0 manipuler, qu\u2019il s\u2019agisse de fluides abrasifs, agressifs ou de mat\u00e9riaux visqueux sensibles au cisaillement.<\/p>\n<p>Dot\u00e9e d\u2019un corps robuste en fonte ductile et en acier, la pompe p\u00e9ristaltique Abaque garantit un fonctionnement fiable 24h\/24 et 7j\/7.<\/p>\n<p>Cette pompe est munie d\u2019un r\u00e9ducteur \u00e0 engrenages monobloc, de roues en fonte ductile pour faciliter sa mobilit\u00e9, de patins en aluminium ou en fonte, un couvercle en acier et polycarbonate\u2026<\/p>\n<\/body>","protected":false},"excerpt":{"rendered":"<p>La pompe p\u00e9ristaltique Abaque, propos\u00e9e par la soci\u00e9t\u00e9 AS FLUID, est id\u00e9ale pour assurer le transfert de substances chimiques et de fluides difficiles \u00e0 manipuler, qu\u2019il s\u2019agisse de fluides abrasifs,<\/p>\n","protected":false},"featured_media":12738,"template":"","meta":{"om_disable_all_campaigns":false},"product_brand":[],"product_cat":[281],"product_tag":[],"class_list":{"0":"post-12455","1":"product","2":"type-product","3":"status-publish","4":"has-post-thumbnail","6":"product_cat-composants-hydrauliques","8":"first","9":"instock","10":"sale","11":"shipping-taxable","12":"purchasable","13":"product-type-simple"},"aioseo_notices":[],"_links":{"self":[{"href":"https:\/\/obsindustrie.sn\/expo\/wp-json\/wp\/v2\/product\/12455","targetHints":{"allow":["GET"]}}],"collection":[{"href":"https:\/\/obsindustrie.sn\/expo\/wp-json\/wp\/v2\/product"}],"about":[{"href":"https:\/\/obsindustrie.sn\/expo\/wp-json\/wp\/v2\/types\/product"}],"wp:featuredmedia":[{"embeddable":true,"href":"https:\/\/obsindustrie.sn\/expo\/wp-json\/wp\/v2\/media\/12738"}],"wp:attachment":[{"href":"https:\/\/obsindustrie.sn\/expo\/wp-json\/wp\/v2\/media?parent=12455"}],"wp:term":[{"taxonomy":"product_brand","embeddable":true,"href":"https:\/\/obsindustrie.sn\/expo\/wp-json\/wp\/v2\/product_brand?post=12455"},{"taxonomy":"product_cat","embeddable":true,"href":"https:\/\/obsindustrie.sn\/expo\/wp-json\/wp\/v2\/product_cat?post=12455"},{"taxonomy":"product_tag","embeddable":true,"href":"https:\/\/obsindustrie.sn\/expo\/wp-json\/wp\/v2\/product_tag?post=12455"}],"curies":[{"name":"wp","href":"https:\/\/api.w.org\/{rel}","templated":true}]}}