{"id":12453,"date":"2023-08-28T08:05:38","date_gmt":"2023-08-28T08:05:38","guid":{"rendered":"https:\/\/obsindustrie.sn\/expo\/produit\/bureau-dangle\/"},"modified":"2023-09-03T17:09:20","modified_gmt":"2023-09-03T17:09:20","slug":"bureau-dangle","status":"publish","type":"product","link":"https:\/\/obsindustrie.sn\/expo\/produit\/bureau-dangle\/","title":{"rendered":"Benne \u00e0 basculement et retour automatique"},"content":{"rendered":"<body><p>Disponible en plusieurs tailles et coloris, la benne \u00e0 basculement et retour automatique est indiqu\u00e9e pour la manutention et le d\u00e9versement des d\u00e9chets.<\/p>\n<p>Cette benne de d\u00e9chets dispose de passages de fourche facilitant son transport par un chariot \u00e9l\u00e9vateur.<\/p>\n<p>Munie d\u2019un syst\u00e8me \u00e0 bascule automatique, elle poss\u00e8de un verrouillage automatique par crochet et un maillon de s\u00e9curit\u00e9 pour une retenue antichute par \u00e9lingage.<\/p>\n<p>Fabriqu\u00e9e en t\u00f4le m\u00e9cano-soud\u00e9e, ce type de benne est \u00e9quip\u00e9 en option par des roues en alu-polyur\u00e9thane, un timon directionnel, une structure en inox ou une cuve \u00e9tanche avec une finition galvanis\u00e9e \u00e0 chaud.<\/p>\n<\/body>","protected":false},"excerpt":{"rendered":"<p>Disponible en plusieurs tailles et coloris, la benne \u00e0 basculement et retour automatique est indiqu\u00e9e pour la manutention et le d\u00e9versement des d\u00e9chets. Cette benne de d\u00e9chets dispose de passages<\/p>\n","protected":false},"featured_media":12736,"template":"","meta":{"om_disable_all_campaigns":false},"product_brand":[],"product_cat":[87],"product_tag":[],"class_list":{"0":"post-12453","1":"product","2":"type-product","3":"status-publish","4":"has-post-thumbnail","6":"product_cat-engins-de-tp","8":"first","9":"instock","10":"shipping-taxable","11":"purchasable","12":"product-type-simple"},"aioseo_notices":[],"_links":{"self":[{"href":"https:\/\/obsindustrie.sn\/expo\/wp-json\/wp\/v2\/product\/12453","targetHints":{"allow":["GET"]}}],"collection":[{"href":"https:\/\/obsindustrie.sn\/expo\/wp-json\/wp\/v2\/product"}],"about":[{"href":"https:\/\/obsindustrie.sn\/expo\/wp-json\/wp\/v2\/types\/product"}],"wp:featuredmedia":[{"embeddable":true,"href":"https:\/\/obsindustrie.sn\/expo\/wp-json\/wp\/v2\/media\/12736"}],"wp:attachment":[{"href":"https:\/\/obsindustrie.sn\/expo\/wp-json\/wp\/v2\/media?parent=12453"}],"wp:term":[{"taxonomy":"product_brand","embeddable":true,"href":"https:\/\/obsindustrie.sn\/expo\/wp-json\/wp\/v2\/product_brand?post=12453"},{"taxonomy":"product_cat","embeddable":true,"href":"https:\/\/obsindustrie.sn\/expo\/wp-json\/wp\/v2\/product_cat?post=12453"},{"taxonomy":"product_tag","embeddable":true,"href":"https:\/\/obsindustrie.sn\/expo\/wp-json\/wp\/v2\/product_tag?post=12453"}],"curies":[{"name":"wp","href":"https:\/\/api.w.org\/{rel}","templated":true}]}}