{"id":12451,"date":"2023-08-28T07:53:01","date_gmt":"2023-08-28T07:53:01","guid":{"rendered":"https:\/\/obsindustrie.sn\/expo\/produit\/armoire-de-rangement\/"},"modified":"2023-09-03T16:58:41","modified_gmt":"2023-09-03T16:58:41","slug":"armoire-de-rangement","status":"publish","type":"product","link":"https:\/\/obsindustrie.sn\/expo\/produit\/armoire-de-rangement\/","title":{"rendered":"R\u00e9sine et durcisseur"},"content":{"rendered":"<body><p>Syst\u00e8me bio \u00e9poxy (r\u00e9sine &amp; durcisseur) provenant de source bio-renouvelable.<\/p>\n<blockquote class=\"product__sellerComment\"><p>\u201c provenant de source bio-renouvelable \u201d<\/p><\/blockquote>\n<\/body>","protected":false},"excerpt":{"rendered":"<p>Syst\u00e8me bio \u00e9poxy (r\u00e9sine &amp; durcisseur) provenant de source bio-renouvelable. \u201c provenant de source bio-renouvelable \u201d<\/p>\n","protected":false},"featured_media":12733,"template":"","meta":{"om_disable_all_campaigns":false},"product_brand":[],"product_cat":[177],"product_tag":[],"class_list":{"0":"post-12451","1":"product","2":"type-product","3":"status-publish","4":"has-post-thumbnail","6":"product_cat-produits-de-base-pour-la-peinture","8":"first","9":"instock","10":"shipping-taxable","11":"purchasable","12":"product-type-simple"},"aioseo_notices":[],"_links":{"self":[{"href":"https:\/\/obsindustrie.sn\/expo\/wp-json\/wp\/v2\/product\/12451","targetHints":{"allow":["GET"]}}],"collection":[{"href":"https:\/\/obsindustrie.sn\/expo\/wp-json\/wp\/v2\/product"}],"about":[{"href":"https:\/\/obsindustrie.sn\/expo\/wp-json\/wp\/v2\/types\/product"}],"wp:featuredmedia":[{"embeddable":true,"href":"https:\/\/obsindustrie.sn\/expo\/wp-json\/wp\/v2\/media\/12733"}],"wp:attachment":[{"href":"https:\/\/obsindustrie.sn\/expo\/wp-json\/wp\/v2\/media?parent=12451"}],"wp:term":[{"taxonomy":"product_brand","embeddable":true,"href":"https:\/\/obsindustrie.sn\/expo\/wp-json\/wp\/v2\/product_brand?post=12451"},{"taxonomy":"product_cat","embeddable":true,"href":"https:\/\/obsindustrie.sn\/expo\/wp-json\/wp\/v2\/product_cat?post=12451"},{"taxonomy":"product_tag","embeddable":true,"href":"https:\/\/obsindustrie.sn\/expo\/wp-json\/wp\/v2\/product_tag?post=12451"}],"curies":[{"name":"wp","href":"https:\/\/api.w.org\/{rel}","templated":true}]}}