{"id":12449,"date":"2023-08-28T07:50:41","date_gmt":"2023-08-28T07:50:41","guid":{"rendered":"https:\/\/obsindustrie.sn\/expo\/produit\/bureau-chaise\/"},"modified":"2023-09-03T17:09:28","modified_gmt":"2023-09-03T17:09:28","slug":"bureau-chaise","status":"publish","type":"product","link":"https:\/\/obsindustrie.sn\/expo\/produit\/bureau-chaise\/","title":{"rendered":"Mini-Dumper \u00e9lectrique \u00e0 batterie 4 roues motrices BENDie EB300P &#8211; Benne en plastique capacit\u00e9 300 kg"},"content":{"rendered":"<body><h2 class=\"h4 mb-5\"><span class=\"font-weight-bold\">Mini-Dumper \u00e9lectrique \u00e0 batterie 4 roues motrices BENDie EB300P \u2013 Benne en plastique capacit\u00e9 300 kg<\/span><\/h2>\n<div>D\u00e9couvrez le\u00a0<strong>mini-dumper \u00e9lectrique EB300P<\/strong>\u00a0BENDie, un v\u00e9hicule de chantier polyvalent, l\u00e9ger et facile \u00e0 man\u0153uvrer.<\/div>\n<div><\/div>\n<div>Avec sa conception aliment\u00e9e par\u00a0<strong>batterie<\/strong>, ce\u00a0<strong>mini-dumper<\/strong>\u00a0vous offre une libert\u00e9 de mouvement maximale sans compromis.<\/div>\n<div><\/div>\n<div>Le\u00a0<strong>EB300P<\/strong>\u00a0est disponible en deux versions\u00a0: 2 roues motrices (2WD) et 4 roues motrices (4WD).<\/div>\n<div><\/div>\n<div>Que vous travailliez \u00e0 l\u2019int\u00e9rieur ou \u00e0 l\u2019ext\u00e9rieur, ce\u00a0<strong>mini-<\/strong>transporteur\u00a0compact est adapt\u00e9 \u00e0 tous les environnements. Gr\u00e2ce \u00e0 sa largeur de seulement 73 cm, il peut ais\u00e9ment passer par des portes standards, vous permettant ainsi d\u2019acc\u00e9der aux espaces restreints.<\/div>\n<div><\/div>\n<div>Ne vous fiez pas \u00e0 sa taille compacte, car ce\u00a0<strong>mini-dumper<\/strong>\u00a0offre une capacit\u00e9 de charge remarquable. Vous pouvez transporter des charges importantes en toute facilit\u00e9, sans compromettre les performances.<\/div>\n<div>Que ce soit pour des travaux de construction, de jardinage ou de r\u00e9novation, le\u00a0<strong>EB300P<\/strong>\u00a0est l\u2019outil id\u00e9al pour r\u00e9pondre \u00e0 vos besoins.<\/div>\n<div><\/div>\n<div>Sa motorisation \u00e9lectrique \u00e0\u00a0<strong>batterie\u00a0<\/strong>vous permet de b\u00e9n\u00e9ficier d\u2019une utilisation silencieuse et respectueuse de l\u2019environnement, tout en r\u00e9duisant les co\u00fbts de carburant.<\/div>\n<div><\/div>\n<div>\n<div>Chargeur de\u00a0<strong>batterie\u00a0<\/strong>intelligent int\u00e9gr\u00e9\u00a0:<\/div>\n<div><\/div>\n<div>\u2013 L\u2019int\u00e9gration d\u2019un chargeur de\u00a0<strong>batterie<\/strong>\u00a0intelligent facilite grandement la recharge de votre \u00e9quipement. Vous pouvez maintenant recharger la\u00a0<strong>batterie\u00a0<\/strong>directement sur le produit, sans avoir besoin d\u2019un chargeur externe. Cela vous permet de gagner du temps et de maintenir votre \u00e9quipement pr\u00eat \u00e0 l\u2019emploi.<\/div>\n<div><\/div>\n<div>Syst\u00e8me de freinage \u00e0 r\u00e9cup\u00e9ration avec commandes \u00e9lectroniques\u00a0:<\/div>\n<div><\/div>\n<div>\u2013 Gr\u00e2ce \u00e0 notre syst\u00e8me de freinage \u00e0 r\u00e9cup\u00e9ration innovant, chaque freinage est optimis\u00e9 pour maximiser l\u2019efficacit\u00e9 \u00e9nerg\u00e9tique. L\u2019\u00e9nergie cin\u00e9tique g\u00e9n\u00e9r\u00e9e lors des freinages est convertie en \u00e9nergie \u00e9lectrique, ce qui prolonge l\u2019autonomie de la\u00a0<strong>batterie<\/strong>. De plus, les commandes \u00e9lectroniques offrent une pr\u00e9cision et une r\u00e9activit\u00e9 accrues, vous permettant de contr\u00f4ler facilement votre \u00e9quipement.<\/div>\n<div><\/div>\n<div>Volant r\u00e9glable en hauteur pour un confort personnalis\u00e9\u00a0:<\/div>\n<div><\/div>\n<div>\u2013 Le volant r\u00e9glable en hauteur vous permet d\u2019ajuster la position de conduite selon votre pr\u00e9f\u00e9rence. Cela vous garantit un confort optimal pendant vos sessions de travail, en r\u00e9duisant la fatigue et en vous offrant une ergonomie adapt\u00e9e \u00e0 vos besoins sp\u00e9cifiques.<\/div>\n<div><\/div>\n<div>Arbres d\u2019entra\u00eenement robustes avec transmission simplifi\u00e9e\u00a0:<\/div>\n<div><\/div>\n<div>\u2013 Ils sont con\u00e7us pour \u00eatre \u00e0 la fois robustes et fiables, capables de r\u00e9sister aux conditions les plus exigeantes. Associ\u00e9s \u00e0 une transmission simplifi\u00e9e, ils garantissent une utilisation sans effort et une conduite fluide, vous permettant de vous concentrer sur votre travail.<\/div>\n<div><\/div>\n<div>Autonomie allant jusqu\u2019\u00e0 10 heures sans \u00e9mission nocive\u00a0:<\/div>\n<div><\/div>\n<div>\u2013 Profitez d\u2019une autonomie exceptionnelle avec le\u00a0<strong>mini-dumper EB300P<\/strong>. Gr\u00e2ce \u00e0 sa technologie de pointe, il peut fonctionner jusqu\u2019\u00e0 10 heures sur une seule charge, vous offrant une grande autonomie de travail. De plus il ne produit aucune \u00e9mission nocive, pr\u00e9servant ainsi l\u2019environnement et votre sant\u00e9.<\/div>\n<div><\/div>\n<div>Aucun besoin d\u2019entretien et fonctionnement ultra silencieux\u00a0:<\/div>\n<div><\/div>\n<div>\u2013 Con\u00e7u pour vous simplifier la t\u00e2che. Il ne n\u00e9cessite aucun entretien complexe, vous permettant de vous concentrer sur votre travail sans interruption, son fonctionnement ultra silencieux garantit une exp\u00e9rience agr\u00e9able et sans perturbations sonores ind\u00e9sirables.<\/div>\n<\/div>\n<\/body>","protected":false},"excerpt":{"rendered":"<p>Mini-Dumper \u00e9lectrique \u00e0 batterie 4 roues motrices BENDie EB300P \u2013 Benne en plastique capacit\u00e9 300 kg D\u00e9couvrez le\u00a0mini-dumper \u00e9lectrique EB300P\u00a0BENDie, un v\u00e9hicule de chantier polyvalent, l\u00e9ger et facile \u00e0 man\u0153uvrer.<\/p>\n","protected":false},"featured_media":12735,"template":"","meta":{"om_disable_all_campaigns":false},"product_brand":[],"product_cat":[87],"product_tag":[],"class_list":{"0":"post-12449","1":"product","2":"type-product","3":"status-publish","4":"has-post-thumbnail","6":"product_cat-engins-de-tp","8":"first","9":"instock","10":"shipping-taxable","11":"purchasable","12":"product-type-simple"},"aioseo_notices":[],"_links":{"self":[{"href":"https:\/\/obsindustrie.sn\/expo\/wp-json\/wp\/v2\/product\/12449","targetHints":{"allow":["GET"]}}],"collection":[{"href":"https:\/\/obsindustrie.sn\/expo\/wp-json\/wp\/v2\/product"}],"about":[{"href":"https:\/\/obsindustrie.sn\/expo\/wp-json\/wp\/v2\/types\/product"}],"wp:featuredmedia":[{"embeddable":true,"href":"https:\/\/obsindustrie.sn\/expo\/wp-json\/wp\/v2\/media\/12735"}],"wp:attachment":[{"href":"https:\/\/obsindustrie.sn\/expo\/wp-json\/wp\/v2\/media?parent=12449"}],"wp:term":[{"taxonomy":"product_brand","embeddable":true,"href":"https:\/\/obsindustrie.sn\/expo\/wp-json\/wp\/v2\/product_brand?post=12449"},{"taxonomy":"product_cat","embeddable":true,"href":"https:\/\/obsindustrie.sn\/expo\/wp-json\/wp\/v2\/product_cat?post=12449"},{"taxonomy":"product_tag","embeddable":true,"href":"https:\/\/obsindustrie.sn\/expo\/wp-json\/wp\/v2\/product_tag?post=12449"}],"curies":[{"name":"wp","href":"https:\/\/api.w.org\/{rel}","templated":true}]}}