{"id":12447,"date":"2023-08-28T07:48:42","date_gmt":"2023-08-28T07:48:42","guid":{"rendered":"https:\/\/obsindustrie.sn\/expo\/produit\/papeterie-fournitures-de-bureau\/"},"modified":"2023-09-03T17:02:20","modified_gmt":"2023-09-03T17:02:20","slug":"papeterie-fournitures-de-bureau","status":"publish","type":"product","link":"https:\/\/obsindustrie.sn\/expo\/produit\/papeterie-fournitures-de-bureau\/","title":{"rendered":"Robot de peinture application de vernis"},"content":{"rendered":"<body><p>Sp\u00e9cialis\u00e9e dans la robotique industrielle, PRST propose son exp\u00e9rience et son savoir-faire pour le bon d\u00e9roulement de vos projets de robotisation et d\u2019automatisation de vos lignes de pulv\u00e9risation.<\/p>\n<\/body>","protected":false},"excerpt":{"rendered":"<p>Sp\u00e9cialis\u00e9e dans la robotique industrielle, PRST propose son exp\u00e9rience et son savoir-faire pour le bon d\u00e9roulement de vos projets de robotisation et d\u2019automatisation de vos lignes de pulv\u00e9risation.<\/p>\n","protected":false},"featured_media":12734,"template":"","meta":{"om_disable_all_campaigns":false},"product_brand":[],"product_cat":[254],"product_tag":[],"class_list":{"0":"post-12447","1":"product","2":"type-product","3":"status-publish","4":"has-post-thumbnail","6":"product_cat-application-de-peinture","8":"first","9":"instock","10":"shipping-taxable","11":"purchasable","12":"product-type-simple"},"aioseo_notices":[],"_links":{"self":[{"href":"https:\/\/obsindustrie.sn\/expo\/wp-json\/wp\/v2\/product\/12447","targetHints":{"allow":["GET"]}}],"collection":[{"href":"https:\/\/obsindustrie.sn\/expo\/wp-json\/wp\/v2\/product"}],"about":[{"href":"https:\/\/obsindustrie.sn\/expo\/wp-json\/wp\/v2\/types\/product"}],"wp:featuredmedia":[{"embeddable":true,"href":"https:\/\/obsindustrie.sn\/expo\/wp-json\/wp\/v2\/media\/12734"}],"wp:attachment":[{"href":"https:\/\/obsindustrie.sn\/expo\/wp-json\/wp\/v2\/media?parent=12447"}],"wp:term":[{"taxonomy":"product_brand","embeddable":true,"href":"https:\/\/obsindustrie.sn\/expo\/wp-json\/wp\/v2\/product_brand?post=12447"},{"taxonomy":"product_cat","embeddable":true,"href":"https:\/\/obsindustrie.sn\/expo\/wp-json\/wp\/v2\/product_cat?post=12447"},{"taxonomy":"product_tag","embeddable":true,"href":"https:\/\/obsindustrie.sn\/expo\/wp-json\/wp\/v2\/product_tag?post=12447"}],"curies":[{"name":"wp","href":"https:\/\/api.w.org\/{rel}","templated":true}]}}