{"id":12445,"date":"2023-08-28T07:39:32","date_gmt":"2023-08-28T07:39:32","guid":{"rendered":"https:\/\/obsindustrie.sn\/expo\/produit\/siege-salle-dattente-3-places\/"},"modified":"2023-09-03T16:53:50","modified_gmt":"2023-09-03T16:53:50","slug":"siege-salle-dattente-3-places","status":"publish","type":"product","link":"https:\/\/obsindustrie.sn\/expo\/produit\/siege-salle-dattente-3-places\/","title":{"rendered":"Escabeau alu 3 marches"},"content":{"rendered":"<body><p>Il est question d\u2019un escabeau fabriqu\u00e9 en aluminium industriel de haute qualit\u00e9 3 marches pr\u00e9conis\u00e9 pour le travail en hauteur.<\/p>\n<p>Pour assurer un maximum de s\u00e9curit\u00e9 pour tous les travaux en hauteur, les marches sont stri\u00e9es et antid\u00e9rapantes. La liaison entre les marches et le montant est assur\u00e9e par des rivets.<\/p>\n<p>Les pieds sont munis de sabots antid\u00e9rapants.<\/p>\n<p>La plateforme est de dimensions 250 x 268mm et s\u2019accroche au 2\u00e8me montant pour rigidifier l\u2019ensemble de la structure une fois d\u00e9pli\u00e9e.<\/p>\n<\/body>","protected":false},"excerpt":{"rendered":"<p>Il est question d\u2019un escabeau fabriqu\u00e9 en aluminium industriel de haute qualit\u00e9 3 marches pr\u00e9conis\u00e9 pour le travail en hauteur. Pour assurer un maximum de s\u00e9curit\u00e9 pour tous les travaux<\/p>\n","protected":false},"featured_media":12732,"template":"","meta":{"om_disable_all_campaigns":false},"product_brand":[],"product_cat":[138],"product_tag":[],"class_list":{"0":"post-12445","1":"product","2":"type-product","3":"status-publish","4":"has-post-thumbnail","6":"product_cat-materiels-de-chantiers","8":"first","9":"instock","10":"shipping-taxable","11":"purchasable","12":"product-type-simple"},"aioseo_notices":[],"_links":{"self":[{"href":"https:\/\/obsindustrie.sn\/expo\/wp-json\/wp\/v2\/product\/12445","targetHints":{"allow":["GET"]}}],"collection":[{"href":"https:\/\/obsindustrie.sn\/expo\/wp-json\/wp\/v2\/product"}],"about":[{"href":"https:\/\/obsindustrie.sn\/expo\/wp-json\/wp\/v2\/types\/product"}],"wp:featuredmedia":[{"embeddable":true,"href":"https:\/\/obsindustrie.sn\/expo\/wp-json\/wp\/v2\/media\/12732"}],"wp:attachment":[{"href":"https:\/\/obsindustrie.sn\/expo\/wp-json\/wp\/v2\/media?parent=12445"}],"wp:term":[{"taxonomy":"product_brand","embeddable":true,"href":"https:\/\/obsindustrie.sn\/expo\/wp-json\/wp\/v2\/product_brand?post=12445"},{"taxonomy":"product_cat","embeddable":true,"href":"https:\/\/obsindustrie.sn\/expo\/wp-json\/wp\/v2\/product_cat?post=12445"},{"taxonomy":"product_tag","embeddable":true,"href":"https:\/\/obsindustrie.sn\/expo\/wp-json\/wp\/v2\/product_tag?post=12445"}],"curies":[{"name":"wp","href":"https:\/\/api.w.org\/{rel}","templated":true}]}}