{"id":12443,"date":"2023-08-28T07:37:49","date_gmt":"2023-08-28T07:37:49","guid":{"rendered":"https:\/\/obsindustrie.sn\/expo\/produit\/park-tool-tw-5-2-cle-dynamometrique-a-cliquet-2-14nm-3-8\/"},"modified":"2023-08-28T07:37:49","modified_gmt":"2023-08-28T07:37:49","slug":"park-tool-tw-5-2-cle-dynamometrique-a-cliquet-2-14nm-3-8","status":"publish","type":"product","link":"https:\/\/obsindustrie.sn\/expo\/produit\/park-tool-tw-5-2-cle-dynamometrique-a-cliquet-2-14nm-3-8\/","title":{"rendered":"Park Tool TW-5.2 Cl\u00e9 dynamom\u00e9trique \u00e0 cliquet 2-14Nm 3\/8&#8243;"},"content":{"rendered":"<body><p>couleur noir bleu<\/p>\n<\/body>","protected":false},"excerpt":{"rendered":"<p>Cl\u00e9 dynamom\u00e9trique \u00e0 cliquet 2-14Nm 3\/8&#8243;<\/p>\n","protected":false},"featured_media":12441,"template":"","meta":{"om_disable_all_campaigns":false},"product_brand":[],"product_cat":[138],"product_tag":[],"class_list":{"0":"post-12443","1":"product","2":"type-product","3":"status-publish","4":"has-post-thumbnail","6":"product_cat-materiels-de-chantiers","8":"first","9":"instock","10":"shipping-taxable","11":"purchasable","12":"product-type-simple"},"aioseo_notices":[],"_links":{"self":[{"href":"https:\/\/obsindustrie.sn\/expo\/wp-json\/wp\/v2\/product\/12443","targetHints":{"allow":["GET"]}}],"collection":[{"href":"https:\/\/obsindustrie.sn\/expo\/wp-json\/wp\/v2\/product"}],"about":[{"href":"https:\/\/obsindustrie.sn\/expo\/wp-json\/wp\/v2\/types\/product"}],"wp:featuredmedia":[{"embeddable":true,"href":"https:\/\/obsindustrie.sn\/expo\/wp-json\/wp\/v2\/media\/12441"}],"wp:attachment":[{"href":"https:\/\/obsindustrie.sn\/expo\/wp-json\/wp\/v2\/media?parent=12443"}],"wp:term":[{"taxonomy":"product_brand","embeddable":true,"href":"https:\/\/obsindustrie.sn\/expo\/wp-json\/wp\/v2\/product_brand?post=12443"},{"taxonomy":"product_cat","embeddable":true,"href":"https:\/\/obsindustrie.sn\/expo\/wp-json\/wp\/v2\/product_cat?post=12443"},{"taxonomy":"product_tag","embeddable":true,"href":"https:\/\/obsindustrie.sn\/expo\/wp-json\/wp\/v2\/product_tag?post=12443"}],"curies":[{"name":"wp","href":"https:\/\/api.w.org\/{rel}","templated":true}]}}