{"id":12439,"date":"2023-08-28T07:20:58","date_gmt":"2023-08-28T07:20:58","guid":{"rendered":"https:\/\/obsindustrie.sn\/expo\/produit\/casque-de-protection\/"},"modified":"2023-09-03T16:49:52","modified_gmt":"2023-09-03T16:49:52","slug":"casque-de-protection","status":"publish","type":"product","link":"https:\/\/obsindustrie.sn\/expo\/produit\/casque-de-protection\/","title":{"rendered":"B\u00e9tonni\u00e8re brouette 0.3 kw cuve acier &#8211; rollbeta : 01015402"},"content":{"rendered":"<body><p>casque de taille standard couleur jaune<\/p>\n<\/body>","protected":false},"excerpt":{"rendered":"<p>Robustesse et dur\u00e9e La cuve de malaxage est en acier embouti. La cuve est \u00e9paisse de 1,5 mm en acier trait\u00e9. Ceci garantit une longue dur\u00e9e de la machine. Les pales de malaxage sont boulonn\u00e9es pour&#8230;<\/p>\n","protected":false},"featured_media":12731,"template":"","meta":{"om_disable_all_campaigns":false},"product_brand":[],"product_cat":[138],"product_tag":[],"class_list":{"0":"post-12439","1":"product","2":"type-product","3":"status-publish","4":"has-post-thumbnail","6":"product_cat-materiels-de-chantiers","8":"first","9":"instock","10":"shipping-taxable","11":"purchasable","12":"product-type-simple"},"aioseo_notices":[],"_links":{"self":[{"href":"https:\/\/obsindustrie.sn\/expo\/wp-json\/wp\/v2\/product\/12439","targetHints":{"allow":["GET"]}}],"collection":[{"href":"https:\/\/obsindustrie.sn\/expo\/wp-json\/wp\/v2\/product"}],"about":[{"href":"https:\/\/obsindustrie.sn\/expo\/wp-json\/wp\/v2\/types\/product"}],"wp:featuredmedia":[{"embeddable":true,"href":"https:\/\/obsindustrie.sn\/expo\/wp-json\/wp\/v2\/media\/12731"}],"wp:attachment":[{"href":"https:\/\/obsindustrie.sn\/expo\/wp-json\/wp\/v2\/media?parent=12439"}],"wp:term":[{"taxonomy":"product_brand","embeddable":true,"href":"https:\/\/obsindustrie.sn\/expo\/wp-json\/wp\/v2\/product_brand?post=12439"},{"taxonomy":"product_cat","embeddable":true,"href":"https:\/\/obsindustrie.sn\/expo\/wp-json\/wp\/v2\/product_cat?post=12439"},{"taxonomy":"product_tag","embeddable":true,"href":"https:\/\/obsindustrie.sn\/expo\/wp-json\/wp\/v2\/product_tag?post=12439"}],"curies":[{"name":"wp","href":"https:\/\/api.w.org\/{rel}","templated":true}]}}