{"id":12156,"date":"2023-08-22T15:40:19","date_gmt":"2023-08-22T15:40:19","guid":{"rendered":"https:\/\/obsindustrie.sn\/expo\/?page_id=12156"},"modified":"2023-08-22T15:40:19","modified_gmt":"2023-08-22T15:40:19","slug":"mentions-legales","status":"publish","type":"page","link":"https:\/\/obsindustrie.sn\/expo\/mentions-legales\/","title":{"rendered":"Mentions l\u00e9gales"},"content":{"rendered":"<body><h2 style=\"color: #0F056B\">Informations L\u00e9gales<\/h2>\n<p>Nom de l\u2019entreprise : [Nom de votre entreprise] Statut juridique : [Forme juridique de votre entreprise] Si\u00e8ge social : [Adresse de votre si\u00e8ge social] Num\u00e9ro de t\u00e9l\u00e9phone : [Num\u00e9ro de t\u00e9l\u00e9phone de contact] Adresse e-mail : [Adresse e-mail de contact] Num\u00e9ro d\u2019immatriculation : [Num\u00e9ro d\u2019immatriculation de votre entreprise] Capital social : [Montant du capital social de votre entreprise] Directeur de la publication : [Nom du directeur de la publication]<\/p>\n<h2 style=\"color: #0F056B\">H\u00e9bergement<\/h2>\n<p>Ce site est h\u00e9berg\u00e9 par : [Nom de l\u2019h\u00e9bergeur] Adresse : [Adresse de l\u2019h\u00e9bergeur] Num\u00e9ro de t\u00e9l\u00e9phone : [Num\u00e9ro de t\u00e9l\u00e9phone de l\u2019h\u00e9bergeur]<\/p>\n<h2 style=\"color: #0F056B\">Propri\u00e9t\u00e9 Intellectuelle<\/h2>\n<p>Le contenu de ce site, y compris les textes, images, logos, vid\u00e9os et autres \u00e9l\u00e9ments, est la propri\u00e9t\u00e9 de [Nom de votre entreprise] ou de tiers ayant autoris\u00e9 [Nom de votre entreprise] \u00e0 les utiliser. Toute reproduction, distribution, modification ou utilisation non autoris\u00e9e du contenu est strictement interdite.<\/p>\n<h2 style=\"color: #0F056B\">Donn\u00e9es Personnelles<\/h2>\n<p>Veuillez consulter notre politique de confidentialit\u00e9 pour en savoir plus sur la collecte, l\u2019utilisation et la protection de vos donn\u00e9es personnelles lorsque vous utilisez notre site.<\/p>\n<h2 style=\"color: #0F056B\">Cookies<\/h2>\n<p>Ce site utilise des cookies pour am\u00e9liorer l\u2019exp\u00e9rience de l\u2019utilisateur. Consultez notre politique en mati\u00e8re de cookies pour en savoir plus sur l\u2019utilisation des cookies et sur la mani\u00e8re de les g\u00e9rer.<\/p>\n<h2 style=\"color: #0F056B\">Responsabilit\u00e9<\/h2>\n<p>Nous nous effor\u00e7ons de maintenir les informations sur ce site \u00e0 jour et exactes, mais nous ne pouvons garantir leur exhaustivit\u00e9 ou leur pr\u00e9cision. En cons\u00e9quence, [Nom de votre entreprise] d\u00e9cline toute responsabilit\u00e9 pour tout dommage direct, indirect, cons\u00e9cutif ou autre r\u00e9sultant de l\u2019utilisation ou de l\u2019impossibilit\u00e9 d\u2019utiliser ce site.<\/p>\n<h2 style=\"color: #0F056B\">Liens Externes<\/h2>\n<p>Ce site peut contenir des liens vers des sites web tiers. [Nom de votre entreprise] n\u2019est pas responsable du contenu de ces sites ni des produits ou services qu\u2019ils proposent.<\/p>\n<h2 style=\"color: #0F056B\">Litiges<\/h2>\n<p>Tout litige relatif \u00e0 l\u2019utilisation de ce site ou d\u00e9coulant de l\u2019interpr\u00e9tation des pr\u00e9sentes mentions l\u00e9gales sera soumis \u00e0 la juridiction comp\u00e9tente conform\u00e9ment \u00e0 la loi en vigueur.<\/p>\n<\/body>","protected":false},"excerpt":{"rendered":"<p>Informations L\u00e9gales Nom de l\u2019entreprise : [Nom de votre entreprise] Statut juridique : [Forme juridique de votre entreprise] Si\u00e8ge social : [Adresse de votre si\u00e8ge social] Num\u00e9ro de t\u00e9l\u00e9phone :<\/p>\n","protected":false},"author":1,"featured_media":0,"parent":0,"menu_order":0,"comment_status":"closed","ping_status":"closed","template":"","meta":{"om_disable_all_campaigns":false,"footnotes":""},"class_list":["post-12156","page","type-page","status-publish","hentry"],"aioseo_notices":[],"_links":{"self":[{"href":"https:\/\/obsindustrie.sn\/expo\/wp-json\/wp\/v2\/pages\/12156","targetHints":{"allow":["GET"]}}],"collection":[{"href":"https:\/\/obsindustrie.sn\/expo\/wp-json\/wp\/v2\/pages"}],"about":[{"href":"https:\/\/obsindustrie.sn\/expo\/wp-json\/wp\/v2\/types\/page"}],"author":[{"embeddable":true,"href":"https:\/\/obsindustrie.sn\/expo\/wp-json\/wp\/v2\/users\/1"}],"replies":[{"embeddable":true,"href":"https:\/\/obsindustrie.sn\/expo\/wp-json\/wp\/v2\/comments?post=12156"}],"version-history":[{"count":2,"href":"https:\/\/obsindustrie.sn\/expo\/wp-json\/wp\/v2\/pages\/12156\/revisions"}],"predecessor-version":[{"id":12158,"href":"https:\/\/obsindustrie.sn\/expo\/wp-json\/wp\/v2\/pages\/12156\/revisions\/12158"}],"wp:attachment":[{"href":"https:\/\/obsindustrie.sn\/expo\/wp-json\/wp\/v2\/media?parent=12156"}],"curies":[{"name":"wp","href":"https:\/\/api.w.org\/{rel}","templated":true}]}}